{"id":1223,"date":"2024-12-18T16:29:59","date_gmt":"2024-12-18T15:29:59","guid":{"rendered":"https:\/\/aktiv.panki.de\/portal-wp\/?post_type=product&#038;p=1223"},"modified":"2024-12-18T16:49:03","modified_gmt":"2024-12-18T15:49:03","slug":"saphir-01","status":"publish","type":"product","link":"https:\/\/aktiv.panki.de\/portal-wp\/produkt\/saphir-01\/","title":{"rendered":"Saphir-01-Ring"},"content":{"rendered":"<p>Bezeichnung: Saphir, gefasst in Silberring D= 20mm<br \/>\nHerkunft: Sri Lanka<br \/>\nGewicht: 7,75 ct (Karat)<br \/>\nMa\u00dfe: 12,88&#215;9,57&#215;7,39 mm<br \/>\nFarbe: helles violettes Blau,<br \/>\nTransparez: transparent<br \/>\nReinheit: sehr kleine Einschl\u00fcsse<br \/>\nFarb-Qualit\u00e4t: mittelm\u00e4\u00dfig<br \/>\nSchliff (cut): Oval, gemischter Schliff<br \/>\nBehandlung: w\u00e4rmebehandelt<br \/>\nErgebnis: nat\u00fcrlicher Saphir<br \/>\nZertifikat: 2212 341-05.06.24\/I.M. GmbH DE,<br \/>\nWertgutachten: ja, 2024, DE: 17.900\u00a0 \u20ac<br \/>\nBemerkung: Privatbesitz<\/p>\n","protected":false},"excerpt":{"rendered":"<p>Saphir, Sri Lanka, 10 ct, privat<\/p>\n","protected":false},"featured_media":1224,"comment_status":"closed","ping_status":"closed","template":"","meta":{"_et_pb_use_builder":"","_et_pb_old_content":"","_et_gb_content_width":""},"product_brand":[],"product_cat":[49],"product_tag":[59,53],"class_list":{"0":"post-1223","1":"product","2":"type-product","3":"status-publish","4":"has-post-thumbnail","6":"product_cat-saphir","7":"product_tag-ring","8":"product_tag-saphir","10":"first","11":"instock","12":"sold-individually","13":"purchasable","14":"product-type-simple"},"_links":{"self":[{"href":"https:\/\/aktiv.panki.de\/portal-wp\/wp-json\/wp\/v2\/product\/1223","targetHints":{"allow":["GET"]}}],"collection":[{"href":"https:\/\/aktiv.panki.de\/portal-wp\/wp-json\/wp\/v2\/product"}],"about":[{"href":"https:\/\/aktiv.panki.de\/portal-wp\/wp-json\/wp\/v2\/types\/product"}],"replies":[{"embeddable":true,"href":"https:\/\/aktiv.panki.de\/portal-wp\/wp-json\/wp\/v2\/comments?post=1223"}],"wp:featuredmedia":[{"embeddable":true,"href":"https:\/\/aktiv.panki.de\/portal-wp\/wp-json\/wp\/v2\/media\/1224"}],"wp:attachment":[{"href":"https:\/\/aktiv.panki.de\/portal-wp\/wp-json\/wp\/v2\/media?parent=1223"}],"wp:term":[{"taxonomy":"product_brand","embeddable":true,"href":"https:\/\/aktiv.panki.de\/portal-wp\/wp-json\/wp\/v2\/product_brand?post=1223"},{"taxonomy":"product_cat","embeddable":true,"href":"https:\/\/aktiv.panki.de\/portal-wp\/wp-json\/wp\/v2\/product_cat?post=1223"},{"taxonomy":"product_tag","embeddable":true,"href":"https:\/\/aktiv.panki.de\/portal-wp\/wp-json\/wp\/v2\/product_tag?post=1223"}],"curies":[{"name":"wp","href":"https:\/\/api.w.org\/{rel}","templated":true}]}}